{"id":79848,"date":"2025-10-22T21:44:18","date_gmt":"2025-10-22T21:44:18","guid":{"rendered":"https:\/\/almasgemeas.com\/?page_id=79848"},"modified":"2025-10-23T03:24:39","modified_gmt":"2025-10-23T03:24:39","slug":"namoro-e-amizade","status":"publish","type":"page","link":"https:\/\/almasgemeas.com\/social\/namoro-e-amizade\/","title":{"rendered":"Namoro e Amizade"},"content":{"rendered":"<h2 style=\"text-align: center;\">Voc\u00ea est\u00e1 no Blog AlmasGemeas.com<\/h2>\n<p style=\"text-align: center;\">Quer Conhecer algu\u00e9m? instale o Chat AlmasGemeas.com<br \/><a id=\"linkPlayStore\" href=\"https:\/\/play.google.com\/store\/apps\/details?id=com.almasgemeas.com.app\" target=\"_blank\" rel=\"noopener\"> Google Play Store<br \/><\/a><\/p>\n<\/p>\n<p>\t\t\t\t\t<a href=\"https:\/\/play.google.com\/store\/apps\/details?id=com.almasgemeas.com.app\"><br \/>\n\t\t\t\t\t\t\t\t\tClique para Continuar<br \/>\n\t\t\t\t\t<\/a><\/p>\n","protected":false},"excerpt":{"rendered":"<p>Voc\u00ea est\u00e1 no Blog AlmasGemeas.com Quer Conhecer algu\u00e9m? instale o Chat AlmasGemeas.com Google Play Store Clique para Continuar<\/p>\n","protected":false},"author":2,"featured_media":0,"parent":0,"menu_order":0,"comment_status":"closed","ping_status":"closed","template":"","meta":{"footnotes":""},"class_list":["post-79848","page","type-page","status-publish","hentry"],"_links":{"self":[{"href":"https:\/\/almasgemeas.com\/social\/wp-json\/wp\/v2\/pages\/79848","targetHints":{"allow":["GET"]}}],"collection":[{"href":"https:\/\/almasgemeas.com\/social\/wp-json\/wp\/v2\/pages"}],"about":[{"href":"https:\/\/almasgemeas.com\/social\/wp-json\/wp\/v2\/types\/page"}],"author":[{"embeddable":true,"href":"https:\/\/almasgemeas.com\/social\/wp-json\/wp\/v2\/users\/2"}],"replies":[{"embeddable":true,"href":"https:\/\/almasgemeas.com\/social\/wp-json\/wp\/v2\/comments?post=79848"}],"version-history":[{"count":36,"href":"https:\/\/almasgemeas.com\/social\/wp-json\/wp\/v2\/pages\/79848\/revisions"}],"predecessor-version":[{"id":79953,"href":"https:\/\/almasgemeas.com\/social\/wp-json\/wp\/v2\/pages\/79848\/revisions\/79953"}],"wp:attachment":[{"href":"https:\/\/almasgemeas.com\/social\/wp-json\/wp\/v2\/media?parent=79848"}],"curies":[{"name":"wp","href":"https:\/\/api.w.org\/{rel}","templated":true}]}}